{"id":1189,"date":"2025-11-22T13:20:19","date_gmt":"2025-11-22T13:20:19","guid":{"rendered":"https:\/\/payitahtyuzuk.com.tr\/?post_type=product&#038;p=1189"},"modified":"2025-11-22T13:20:20","modified_gmt":"2025-11-22T13:20:20","slug":"kral-zincir-kolye","status":"publish","type":"product","link":"https:\/\/payitahtyuzuk.com.tr\/?product=kral-zincir-kolye","title":{"rendered":"Kral Zincir Kolye"},"content":{"rendered":"<p>38 gram 65 cm. 3.5 mm.<br \/>\n925 ayar g\u00fcm\u00fc\u015f Kral kolye<\/p>\n","protected":false},"excerpt":{"rendered":"<p>38 gram 65 cm. 3.5 mm. 925 ayar g\u00fcm\u00fc\u015f Kral kolye<\/p>\n","protected":false},"featured_media":1186,"comment_status":"open","ping_status":"closed","template":"","meta":[],"product_brand":[],"product_cat":[26,22],"product_tag":[56,55,57],"class_list":{"0":"post-1189","1":"product","2":"type-product","3":"status-publish","4":"has-post-thumbnail","6":"product_cat-aksesuar","7":"product_cat-urunler","8":"product_tag-gumus-kolye","9":"product_tag-kral-kolye","10":"product_tag-kral-zincir","12":"first","13":"instock","14":"sale","15":"taxable","16":"shipping-taxable","17":"purchasable","18":"product-type-simple"},"jetpack_sharing_enabled":true,"_links":{"self":[{"href":"https:\/\/payitahtyuzuk.com.tr\/index.php?rest_route=\/wp\/v2\/product\/1189","targetHints":{"allow":["GET"]}}],"collection":[{"href":"https:\/\/payitahtyuzuk.com.tr\/index.php?rest_route=\/wp\/v2\/product"}],"about":[{"href":"https:\/\/payitahtyuzuk.com.tr\/index.php?rest_route=\/wp\/v2\/types\/product"}],"replies":[{"embeddable":true,"href":"https:\/\/payitahtyuzuk.com.tr\/index.php?rest_route=%2Fwp%2Fv2%2Fcomments&post=1189"}],"wp:featuredmedia":[{"embeddable":true,"href":"https:\/\/payitahtyuzuk.com.tr\/index.php?rest_route=\/wp\/v2\/media\/1186"}],"wp:attachment":[{"href":"https:\/\/payitahtyuzuk.com.tr\/index.php?rest_route=%2Fwp%2Fv2%2Fmedia&parent=1189"}],"wp:term":[{"taxonomy":"product_brand","embeddable":true,"href":"https:\/\/payitahtyuzuk.com.tr\/index.php?rest_route=%2Fwp%2Fv2%2Fproduct_brand&post=1189"},{"taxonomy":"product_cat","embeddable":true,"href":"https:\/\/payitahtyuzuk.com.tr\/index.php?rest_route=%2Fwp%2Fv2%2Fproduct_cat&post=1189"},{"taxonomy":"product_tag","embeddable":true,"href":"https:\/\/payitahtyuzuk.com.tr\/index.php?rest_route=%2Fwp%2Fv2%2Fproduct_tag&post=1189"}],"curies":[{"name":"wp","href":"https:\/\/api.w.org\/{rel}","templated":true}]}}