{"id":1193,"date":"2025-11-22T13:30:34","date_gmt":"2025-11-22T13:30:34","guid":{"rendered":"https:\/\/payitahtyuzuk.com.tr\/?post_type=product&#038;p=1193"},"modified":"2025-11-22T13:30:34","modified_gmt":"2025-11-22T13:30:34","slug":"damla-tespih","status":"publish","type":"product","link":"https:\/\/payitahtyuzuk.com.tr\/?product=damla-tespih","title":{"rendered":"Damla Tespih"},"content":{"rendered":"<p>Alt\u0131n kaplama 925 ayar g\u00fcm\u00fc\u015f p\u00fcsk\u00fcl ile kombin edilmi\u015f, g\u00fcnl\u00fck \u00e7ekim i\u00e7in ideal, yumu\u015fak kesme,<br \/>\n\u00dcst d\u00fczey tek par\u00e7a kayadan damla kehribar tespih.<\/p>\n","protected":false},"excerpt":{"rendered":"<p>Alt\u0131n kaplama 925 ayar g\u00fcm\u00fc\u015f p\u00fcsk\u00fcl<br \/>\n\u00dcst d\u00fczey tek par\u00e7a kayadan damla kehribar<\/p>\n","protected":false},"featured_media":1194,"comment_status":"open","ping_status":"closed","template":"","meta":[],"product_brand":[],"product_cat":[37,36,22,23],"product_tag":[50,45],"class_list":{"0":"post-1193","1":"product","2":"type-product","3":"status-publish","4":"has-post-thumbnail","6":"product_cat-dogalmalzeme","7":"product_cat-kehribartespih","8":"product_cat-urunler","9":"product_cat-tespih","10":"product_tag-damla-kehribar","11":"product_tag-tespih","13":"first","14":"instock","15":"sale","16":"taxable","17":"shipping-taxable","18":"purchasable","19":"product-type-simple"},"jetpack_sharing_enabled":true,"_links":{"self":[{"href":"https:\/\/payitahtyuzuk.com.tr\/index.php?rest_route=\/wp\/v2\/product\/1193","targetHints":{"allow":["GET"]}}],"collection":[{"href":"https:\/\/payitahtyuzuk.com.tr\/index.php?rest_route=\/wp\/v2\/product"}],"about":[{"href":"https:\/\/payitahtyuzuk.com.tr\/index.php?rest_route=\/wp\/v2\/types\/product"}],"replies":[{"embeddable":true,"href":"https:\/\/payitahtyuzuk.com.tr\/index.php?rest_route=%2Fwp%2Fv2%2Fcomments&post=1193"}],"wp:featuredmedia":[{"embeddable":true,"href":"https:\/\/payitahtyuzuk.com.tr\/index.php?rest_route=\/wp\/v2\/media\/1194"}],"wp:attachment":[{"href":"https:\/\/payitahtyuzuk.com.tr\/index.php?rest_route=%2Fwp%2Fv2%2Fmedia&parent=1193"}],"wp:term":[{"taxonomy":"product_brand","embeddable":true,"href":"https:\/\/payitahtyuzuk.com.tr\/index.php?rest_route=%2Fwp%2Fv2%2Fproduct_brand&post=1193"},{"taxonomy":"product_cat","embeddable":true,"href":"https:\/\/payitahtyuzuk.com.tr\/index.php?rest_route=%2Fwp%2Fv2%2Fproduct_cat&post=1193"},{"taxonomy":"product_tag","embeddable":true,"href":"https:\/\/payitahtyuzuk.com.tr\/index.php?rest_route=%2Fwp%2Fv2%2Fproduct_tag&post=1193"}],"curies":[{"name":"wp","href":"https:\/\/api.w.org\/{rel}","templated":true}]}}