{"id":1210,"date":"2025-11-22T13:48:52","date_gmt":"2025-11-22T13:48:52","guid":{"rendered":"https:\/\/payitahtyuzuk.com.tr\/?post_type=product&#038;p=1210"},"modified":"2025-11-22T13:50:05","modified_gmt":"2025-11-22T13:50:05","slug":"su-damlasi","status":"publish","type":"product","link":"https:\/\/payitahtyuzuk.com.tr\/?product=su-damlasi","title":{"rendered":"Su Damlas\u0131"},"content":{"rendered":"<p>Bilek boy \u015feffaf Ukrayna kaya damla kehribar<br \/>\nG\u00fcm\u00fc\u015f p\u00fcsk\u00fcl tespih<\/p>\n","protected":false},"excerpt":{"rendered":"<p>Bilek boy \u015feffaf Ukrayna damla kehribar<br \/>\nG\u00fcm\u00fc\u015f p\u00fcsk\u00fcl<\/p>\n","protected":false},"featured_media":1052,"comment_status":"open","ping_status":"closed","template":"","meta":[],"product_brand":[],"product_cat":[37,36,22,23],"product_tag":[50,46,45],"class_list":{"0":"post-1210","1":"product","2":"type-product","3":"status-publish","4":"has-post-thumbnail","6":"product_cat-dogalmalzeme","7":"product_cat-kehribartespih","8":"product_cat-urunler","9":"product_cat-tespih","10":"product_tag-damla-kehribar","11":"product_tag-tesbih","12":"product_tag-tespih","14":"first","15":"instock","16":"sale","17":"taxable","18":"shipping-taxable","19":"purchasable","20":"product-type-simple"},"jetpack_sharing_enabled":true,"_links":{"self":[{"href":"https:\/\/payitahtyuzuk.com.tr\/index.php?rest_route=\/wp\/v2\/product\/1210","targetHints":{"allow":["GET"]}}],"collection":[{"href":"https:\/\/payitahtyuzuk.com.tr\/index.php?rest_route=\/wp\/v2\/product"}],"about":[{"href":"https:\/\/payitahtyuzuk.com.tr\/index.php?rest_route=\/wp\/v2\/types\/product"}],"replies":[{"embeddable":true,"href":"https:\/\/payitahtyuzuk.com.tr\/index.php?rest_route=%2Fwp%2Fv2%2Fcomments&post=1210"}],"wp:featuredmedia":[{"embeddable":true,"href":"https:\/\/payitahtyuzuk.com.tr\/index.php?rest_route=\/wp\/v2\/media\/1052"}],"wp:attachment":[{"href":"https:\/\/payitahtyuzuk.com.tr\/index.php?rest_route=%2Fwp%2Fv2%2Fmedia&parent=1210"}],"wp:term":[{"taxonomy":"product_brand","embeddable":true,"href":"https:\/\/payitahtyuzuk.com.tr\/index.php?rest_route=%2Fwp%2Fv2%2Fproduct_brand&post=1210"},{"taxonomy":"product_cat","embeddable":true,"href":"https:\/\/payitahtyuzuk.com.tr\/index.php?rest_route=%2Fwp%2Fv2%2Fproduct_cat&post=1210"},{"taxonomy":"product_tag","embeddable":true,"href":"https:\/\/payitahtyuzuk.com.tr\/index.php?rest_route=%2Fwp%2Fv2%2Fproduct_tag&post=1210"}],"curies":[{"name":"wp","href":"https:\/\/api.w.org\/{rel}","templated":true}]}}