{"id":1213,"date":"2025-11-22T13:53:14","date_gmt":"2025-11-22T13:53:14","guid":{"rendered":"https:\/\/payitahtyuzuk.com.tr\/?post_type=product&#038;p=1213"},"modified":"2025-11-22T13:55:45","modified_gmt":"2025-11-22T13:55:45","slug":"nael-kaplan","status":"publish","type":"product","link":"https:\/\/payitahtyuzuk.com.tr\/?product=nael-kaplan","title":{"rendered":"Nael Kaplan"},"content":{"rendered":"<p>Nael Kaplan Usta i\u015f\u00e7ilikli,<\/p>\n<p>925 ayar a\u011f\u0131r g\u00fcm\u00fc\u015f p\u00fcsk\u00fclle kombin,<\/p>\n<p>P\u00fcsk\u00fcl ucunda\u00a0 kurt ba\u015f\u0131 mevcut,<\/p>\n<p>\u00c7ekim harikas\u0131 \u00fcst d\u00fczey tespih.<\/p>\n","protected":false},"excerpt":{"rendered":"<p>Nael Kaplan Usta i\u015f\u00e7ilikli,<\/p>\n<p>925 ayar a\u011f\u0131r g\u00fcm\u00fc\u015f p\u00fcsk\u00fclle kombin,<\/p>\n","protected":false},"featured_media":1214,"comment_status":"open","ping_status":"closed","template":"","meta":[],"product_brand":[],"product_cat":[36,22,23],"product_tag":[60,46,45],"class_list":{"0":"post-1213","1":"product","2":"type-product","3":"status-publish","4":"has-post-thumbnail","6":"product_cat-kehribartespih","7":"product_cat-urunler","8":"product_cat-tespih","9":"product_tag-nael-kaplan","10":"product_tag-tesbih","11":"product_tag-tespih","13":"first","14":"instock","15":"sale","16":"taxable","17":"shipping-taxable","18":"purchasable","19":"product-type-simple"},"jetpack_sharing_enabled":true,"_links":{"self":[{"href":"https:\/\/payitahtyuzuk.com.tr\/index.php?rest_route=\/wp\/v2\/product\/1213","targetHints":{"allow":["GET"]}}],"collection":[{"href":"https:\/\/payitahtyuzuk.com.tr\/index.php?rest_route=\/wp\/v2\/product"}],"about":[{"href":"https:\/\/payitahtyuzuk.com.tr\/index.php?rest_route=\/wp\/v2\/types\/product"}],"replies":[{"embeddable":true,"href":"https:\/\/payitahtyuzuk.com.tr\/index.php?rest_route=%2Fwp%2Fv2%2Fcomments&post=1213"}],"wp:featuredmedia":[{"embeddable":true,"href":"https:\/\/payitahtyuzuk.com.tr\/index.php?rest_route=\/wp\/v2\/media\/1214"}],"wp:attachment":[{"href":"https:\/\/payitahtyuzuk.com.tr\/index.php?rest_route=%2Fwp%2Fv2%2Fmedia&parent=1213"}],"wp:term":[{"taxonomy":"product_brand","embeddable":true,"href":"https:\/\/payitahtyuzuk.com.tr\/index.php?rest_route=%2Fwp%2Fv2%2Fproduct_brand&post=1213"},{"taxonomy":"product_cat","embeddable":true,"href":"https:\/\/payitahtyuzuk.com.tr\/index.php?rest_route=%2Fwp%2Fv2%2Fproduct_cat&post=1213"},{"taxonomy":"product_tag","embeddable":true,"href":"https:\/\/payitahtyuzuk.com.tr\/index.php?rest_route=%2Fwp%2Fv2%2Fproduct_tag&post=1213"}],"curies":[{"name":"wp","href":"https:\/\/api.w.org\/{rel}","templated":true}]}}