{"id":1215,"date":"2025-11-22T13:59:53","date_gmt":"2025-11-22T13:59:53","guid":{"rendered":"https:\/\/payitahtyuzuk.com.tr\/?post_type=product&#038;p=1215"},"modified":"2025-11-22T13:59:54","modified_gmt":"2025-11-22T13:59:54","slug":"zar-tespih","status":"publish","type":"product","link":"https:\/\/payitahtyuzuk.com.tr\/?product=zar-tespih","title":{"rendered":"Zar Tespih"},"content":{"rendered":"<p>\u00dcst d\u00fczey \u00e7ekim kalitesi,<\/p>\n<p>Kaps\u00fcl kesim, 925 ayar a\u011f\u0131r g\u00fcm\u00fc\u015f p\u00fcsk\u00fclle kombin.<\/p>\n<p>P\u00fcsh\u00fcl ucunda Osmanl\u0131 Sancak armal\u0131, ve kurt simgesi tasar\u0131m.<\/p>\n<p>Zar kehribar tespih.<\/p>\n","protected":false},"excerpt":{"rendered":"<p>Kaps\u00fcl kesim, 925 ayar a\u011f\u0131r g\u00fcm\u00fc\u015f p\u00fcsk\u00fclle kombin.<\/p>\n<p>Zar kehribar tespih.<\/p>\n","protected":false},"featured_media":1216,"comment_status":"open","ping_status":"closed","template":"","meta":[],"product_brand":[],"product_cat":[36,22,23],"product_tag":[46,45,61],"class_list":{"0":"post-1215","1":"product","2":"type-product","3":"status-publish","4":"has-post-thumbnail","6":"product_cat-kehribartespih","7":"product_cat-urunler","8":"product_cat-tespih","9":"product_tag-tesbih","10":"product_tag-tespih","11":"product_tag-zar-kehribar","13":"first","14":"instock","15":"sale","16":"taxable","17":"shipping-taxable","18":"purchasable","19":"product-type-simple"},"jetpack_sharing_enabled":true,"_links":{"self":[{"href":"https:\/\/payitahtyuzuk.com.tr\/index.php?rest_route=\/wp\/v2\/product\/1215","targetHints":{"allow":["GET"]}}],"collection":[{"href":"https:\/\/payitahtyuzuk.com.tr\/index.php?rest_route=\/wp\/v2\/product"}],"about":[{"href":"https:\/\/payitahtyuzuk.com.tr\/index.php?rest_route=\/wp\/v2\/types\/product"}],"replies":[{"embeddable":true,"href":"https:\/\/payitahtyuzuk.com.tr\/index.php?rest_route=%2Fwp%2Fv2%2Fcomments&post=1215"}],"wp:featuredmedia":[{"embeddable":true,"href":"https:\/\/payitahtyuzuk.com.tr\/index.php?rest_route=\/wp\/v2\/media\/1216"}],"wp:attachment":[{"href":"https:\/\/payitahtyuzuk.com.tr\/index.php?rest_route=%2Fwp%2Fv2%2Fmedia&parent=1215"}],"wp:term":[{"taxonomy":"product_brand","embeddable":true,"href":"https:\/\/payitahtyuzuk.com.tr\/index.php?rest_route=%2Fwp%2Fv2%2Fproduct_brand&post=1215"},{"taxonomy":"product_cat","embeddable":true,"href":"https:\/\/payitahtyuzuk.com.tr\/index.php?rest_route=%2Fwp%2Fv2%2Fproduct_cat&post=1215"},{"taxonomy":"product_tag","embeddable":true,"href":"https:\/\/payitahtyuzuk.com.tr\/index.php?rest_route=%2Fwp%2Fv2%2Fproduct_tag&post=1215"}],"curies":[{"name":"wp","href":"https:\/\/api.w.org\/{rel}","templated":true}]}}