{"id":1284,"date":"2025-11-22T20:41:23","date_gmt":"2025-11-22T20:41:23","guid":{"rendered":"https:\/\/payitahtyuzuk.com.tr\/?post_type=product&#038;p=1284"},"modified":"2025-11-22T20:41:23","modified_gmt":"2025-11-22T20:41:23","slug":"osmanli-arma-yuzuk","status":"publish","type":"product","link":"https:\/\/payitahtyuzuk.com.tr\/?product=osmanli-arma-yuzuk","title":{"rendered":"Osmanl\u0131 Arma Y\u00fcz\u00fck"},"content":{"rendered":"<p>Turmalin Paraiba ta\u015f \u00fczeri G\u00fcm\u00fc\u015f levha \u00fczeri Osman Sancak i\u015f\u00e7ilik 925 ayar g\u00fcm\u00fc\u015f y\u00fcz\u00fck<\/p>\n","protected":false},"excerpt":{"rendered":"<p>925 ayar g\u00fcm\u00fc\u015f y\u00fcz\u00fck<\/p>\n","protected":false},"featured_media":1273,"comment_status":"open","ping_status":"closed","template":"","meta":[],"product_brand":[],"product_cat":[54,22,52,27],"product_tag":[41,39],"class_list":{"0":"post-1284","1":"product","2":"type-product","3":"status-publish","4":"has-post-thumbnail","6":"product_cat-armaliyuzuk","7":"product_cat-urunler","8":"product_cat-tasliyuzuk","9":"product_cat-yuzukler","10":"product_tag-gumus-yuzuk","11":"product_tag-yuzuk","13":"first","14":"instock","15":"sale","16":"taxable","17":"shipping-taxable","18":"purchasable","19":"product-type-simple"},"jetpack_sharing_enabled":true,"_links":{"self":[{"href":"https:\/\/payitahtyuzuk.com.tr\/index.php?rest_route=\/wp\/v2\/product\/1284","targetHints":{"allow":["GET"]}}],"collection":[{"href":"https:\/\/payitahtyuzuk.com.tr\/index.php?rest_route=\/wp\/v2\/product"}],"about":[{"href":"https:\/\/payitahtyuzuk.com.tr\/index.php?rest_route=\/wp\/v2\/types\/product"}],"replies":[{"embeddable":true,"href":"https:\/\/payitahtyuzuk.com.tr\/index.php?rest_route=%2Fwp%2Fv2%2Fcomments&post=1284"}],"wp:featuredmedia":[{"embeddable":true,"href":"https:\/\/payitahtyuzuk.com.tr\/index.php?rest_route=\/wp\/v2\/media\/1273"}],"wp:attachment":[{"href":"https:\/\/payitahtyuzuk.com.tr\/index.php?rest_route=%2Fwp%2Fv2%2Fmedia&parent=1284"}],"wp:term":[{"taxonomy":"product_brand","embeddable":true,"href":"https:\/\/payitahtyuzuk.com.tr\/index.php?rest_route=%2Fwp%2Fv2%2Fproduct_brand&post=1284"},{"taxonomy":"product_cat","embeddable":true,"href":"https:\/\/payitahtyuzuk.com.tr\/index.php?rest_route=%2Fwp%2Fv2%2Fproduct_cat&post=1284"},{"taxonomy":"product_tag","embeddable":true,"href":"https:\/\/payitahtyuzuk.com.tr\/index.php?rest_route=%2Fwp%2Fv2%2Fproduct_tag&post=1284"}],"curies":[{"name":"wp","href":"https:\/\/api.w.org\/{rel}","templated":true}]}}