{"id":1424,"date":"2025-11-22T22:21:24","date_gmt":"2025-11-22T22:21:24","guid":{"rendered":"https:\/\/payitahtyuzuk.com.tr\/?post_type=product&#038;p=1424"},"modified":"2025-11-22T22:21:25","modified_gmt":"2025-11-22T22:21:25","slug":"hanedan-yuzuk-3","status":"publish","type":"product","link":"https:\/\/payitahtyuzuk.com.tr\/?product=hanedan-yuzuk-3","title":{"rendered":"Hanedan Y\u00fcz\u00fck"},"content":{"rendered":"<p>A\u011f\u0131r gramaj Kubbesinde Ay y\u0131ld\u0131z i\u015f\u00e7ilikli \u00fcst d\u00fczey 925 ayar g\u00fcm\u00fc\u015f y\u00fcz\u00fck<\/p>\n","protected":false},"excerpt":{"rendered":"<p>925 ayar g\u00fcm\u00fc\u015f y\u00fcz\u00fck<\/p>\n","protected":false},"featured_media":1403,"comment_status":"open","ping_status":"closed","template":"","meta":[],"product_brand":[],"product_cat":[53,27],"product_tag":[51,74],"class_list":{"0":"post-1424","1":"product","2":"type-product","3":"status-publish","4":"has-post-thumbnail","6":"product_cat-hanedan","7":"product_cat-yuzukler","8":"product_tag-hanedan-yuzuk","9":"product_tag-padisah-yuzugu","11":"first","12":"instock","13":"sale","14":"taxable","15":"shipping-taxable","16":"purchasable","17":"product-type-simple"},"jetpack_sharing_enabled":true,"_links":{"self":[{"href":"https:\/\/payitahtyuzuk.com.tr\/index.php?rest_route=\/wp\/v2\/product\/1424","targetHints":{"allow":["GET"]}}],"collection":[{"href":"https:\/\/payitahtyuzuk.com.tr\/index.php?rest_route=\/wp\/v2\/product"}],"about":[{"href":"https:\/\/payitahtyuzuk.com.tr\/index.php?rest_route=\/wp\/v2\/types\/product"}],"replies":[{"embeddable":true,"href":"https:\/\/payitahtyuzuk.com.tr\/index.php?rest_route=%2Fwp%2Fv2%2Fcomments&post=1424"}],"wp:featuredmedia":[{"embeddable":true,"href":"https:\/\/payitahtyuzuk.com.tr\/index.php?rest_route=\/wp\/v2\/media\/1403"}],"wp:attachment":[{"href":"https:\/\/payitahtyuzuk.com.tr\/index.php?rest_route=%2Fwp%2Fv2%2Fmedia&parent=1424"}],"wp:term":[{"taxonomy":"product_brand","embeddable":true,"href":"https:\/\/payitahtyuzuk.com.tr\/index.php?rest_route=%2Fwp%2Fv2%2Fproduct_brand&post=1424"},{"taxonomy":"product_cat","embeddable":true,"href":"https:\/\/payitahtyuzuk.com.tr\/index.php?rest_route=%2Fwp%2Fv2%2Fproduct_cat&post=1424"},{"taxonomy":"product_tag","embeddable":true,"href":"https:\/\/payitahtyuzuk.com.tr\/index.php?rest_route=%2Fwp%2Fv2%2Fproduct_tag&post=1424"}],"curies":[{"name":"wp","href":"https:\/\/api.w.org\/{rel}","templated":true}]}}