{"id":1425,"date":"2025-11-22T22:24:29","date_gmt":"2025-11-22T22:24:29","guid":{"rendered":"https:\/\/payitahtyuzuk.com.tr\/?post_type=product&#038;p=1425"},"modified":"2025-11-22T22:24:30","modified_gmt":"2025-11-22T22:24:30","slug":"sikma-kenribar-tespih","status":"publish","type":"product","link":"https:\/\/payitahtyuzuk.com.tr\/?product=sikma-kenribar-tespih","title":{"rendered":"S\u0131kma Kenribar Tespih"},"content":{"rendered":"<p>A\u011f\u0131r 1000 ayar kazaziye p\u00fcsk\u00fclle kombin S\u0131kma kehribar tespih.<\/p>\n","protected":false},"excerpt":{"rendered":"<p>1000 ayar kazaz p\u00fcsk\u00fcll\u00fc S\u0131kma kehribar tespih<\/p>\n","protected":false},"featured_media":1414,"comment_status":"open","ping_status":"closed","template":"","meta":[],"product_brand":[],"product_cat":[36,22,23],"product_tag":[44,45],"class_list":{"0":"post-1425","1":"product","2":"type-product","3":"status-publish","4":"has-post-thumbnail","6":"product_cat-kehribartespih","7":"product_cat-urunler","8":"product_cat-tespih","9":"product_tag-sikma-kehribar","10":"product_tag-tespih","12":"first","13":"instock","14":"sale","15":"taxable","16":"shipping-taxable","17":"purchasable","18":"product-type-simple"},"jetpack_sharing_enabled":true,"_links":{"self":[{"href":"https:\/\/payitahtyuzuk.com.tr\/index.php?rest_route=\/wp\/v2\/product\/1425","targetHints":{"allow":["GET"]}}],"collection":[{"href":"https:\/\/payitahtyuzuk.com.tr\/index.php?rest_route=\/wp\/v2\/product"}],"about":[{"href":"https:\/\/payitahtyuzuk.com.tr\/index.php?rest_route=\/wp\/v2\/types\/product"}],"replies":[{"embeddable":true,"href":"https:\/\/payitahtyuzuk.com.tr\/index.php?rest_route=%2Fwp%2Fv2%2Fcomments&post=1425"}],"wp:featuredmedia":[{"embeddable":true,"href":"https:\/\/payitahtyuzuk.com.tr\/index.php?rest_route=\/wp\/v2\/media\/1414"}],"wp:attachment":[{"href":"https:\/\/payitahtyuzuk.com.tr\/index.php?rest_route=%2Fwp%2Fv2%2Fmedia&parent=1425"}],"wp:term":[{"taxonomy":"product_brand","embeddable":true,"href":"https:\/\/payitahtyuzuk.com.tr\/index.php?rest_route=%2Fwp%2Fv2%2Fproduct_brand&post=1425"},{"taxonomy":"product_cat","embeddable":true,"href":"https:\/\/payitahtyuzuk.com.tr\/index.php?rest_route=%2Fwp%2Fv2%2Fproduct_cat&post=1425"},{"taxonomy":"product_tag","embeddable":true,"href":"https:\/\/payitahtyuzuk.com.tr\/index.php?rest_route=%2Fwp%2Fv2%2Fproduct_tag&post=1425"}],"curies":[{"name":"wp","href":"https:\/\/api.w.org\/{rel}","templated":true}]}}