{"id":1426,"date":"2025-11-22T22:28:23","date_gmt":"2025-11-22T22:28:23","guid":{"rendered":"https:\/\/payitahtyuzuk.com.tr\/?post_type=product&#038;p=1426"},"modified":"2025-11-22T22:28:24","modified_gmt":"2025-11-22T22:28:24","slug":"gumus-cakim-caretta","status":"publish","type":"product","link":"https:\/\/payitahtyuzuk.com.tr\/?product=gumus-cakim-caretta","title":{"rendered":"G\u00fcm\u00fc\u015f \u00c7ak\u0131m Caretta"},"content":{"rendered":"<p>1000 ayar a\u011f\u0131r g\u00fcm\u00fc\u015f p\u00fcsk\u00fclle kombin edilmi\u015f G\u00fcm\u00fc\u015f \u00e7ak\u0131ml\u0131 beyzi kesim Caretta Tespih<\/p>\n","protected":false},"excerpt":{"rendered":"<p>G\u00fcm\u00fc\u015f \u00e7ak\u0131ml\u0131 g\u00fcm\u00fc\u015f p\u00fcsk\u00fcll\u00fc Caretta Tespih<\/p>\n","protected":false},"featured_media":1413,"comment_status":"open","ping_status":"closed","template":"","meta":[],"product_brand":[],"product_cat":[37,22,23],"product_tag":[45],"class_list":{"0":"post-1426","1":"product","2":"type-product","3":"status-publish","4":"has-post-thumbnail","6":"product_cat-dogalmalzeme","7":"product_cat-urunler","8":"product_cat-tespih","9":"product_tag-tespih","11":"first","12":"instock","13":"sale","14":"taxable","15":"shipping-taxable","16":"purchasable","17":"product-type-simple"},"jetpack_sharing_enabled":true,"_links":{"self":[{"href":"https:\/\/payitahtyuzuk.com.tr\/index.php?rest_route=\/wp\/v2\/product\/1426","targetHints":{"allow":["GET"]}}],"collection":[{"href":"https:\/\/payitahtyuzuk.com.tr\/index.php?rest_route=\/wp\/v2\/product"}],"about":[{"href":"https:\/\/payitahtyuzuk.com.tr\/index.php?rest_route=\/wp\/v2\/types\/product"}],"replies":[{"embeddable":true,"href":"https:\/\/payitahtyuzuk.com.tr\/index.php?rest_route=%2Fwp%2Fv2%2Fcomments&post=1426"}],"wp:featuredmedia":[{"embeddable":true,"href":"https:\/\/payitahtyuzuk.com.tr\/index.php?rest_route=\/wp\/v2\/media\/1413"}],"wp:attachment":[{"href":"https:\/\/payitahtyuzuk.com.tr\/index.php?rest_route=%2Fwp%2Fv2%2Fmedia&parent=1426"}],"wp:term":[{"taxonomy":"product_brand","embeddable":true,"href":"https:\/\/payitahtyuzuk.com.tr\/index.php?rest_route=%2Fwp%2Fv2%2Fproduct_brand&post=1426"},{"taxonomy":"product_cat","embeddable":true,"href":"https:\/\/payitahtyuzuk.com.tr\/index.php?rest_route=%2Fwp%2Fv2%2Fproduct_cat&post=1426"},{"taxonomy":"product_tag","embeddable":true,"href":"https:\/\/payitahtyuzuk.com.tr\/index.php?rest_route=%2Fwp%2Fv2%2Fproduct_tag&post=1426"}],"curies":[{"name":"wp","href":"https:\/\/api.w.org\/{rel}","templated":true}]}}