{"id":1434,"date":"2025-11-22T22:51:45","date_gmt":"2025-11-22T22:51:45","guid":{"rendered":"https:\/\/payitahtyuzuk.com.tr\/?post_type=product&#038;p=1434"},"modified":"2025-11-22T22:51:45","modified_gmt":"2025-11-22T22:51:45","slug":"ay-yildiz-armali-yuzuk","status":"publish","type":"product","link":"https:\/\/payitahtyuzuk.com.tr\/?product=ay-yildiz-armali-yuzuk","title":{"rendered":"Ay Y\u0131ld\u0131z Armal\u0131 Y\u00fcz\u00fck"},"content":{"rendered":"<p>Ay y\u0131ld\u0131z armal\u0131 \u00fcst d\u00fczey i\u015f\u00e7ilikli 925 ayar g\u00fcm\u00fc\u015f y\u00fcz\u00fck<\/p>\n","protected":false},"excerpt":{"rendered":"<p>Ay y\u0131ld\u0131z armal\u0131 925 ayar g\u00fcm\u00fc\u015f y\u00fcz\u00fck<\/p>\n","protected":false},"featured_media":1371,"comment_status":"open","ping_status":"closed","template":"","meta":[],"product_brand":[],"product_cat":[54,22,27],"product_tag":[82],"class_list":{"0":"post-1434","1":"product","2":"type-product","3":"status-publish","4":"has-post-thumbnail","6":"product_cat-armaliyuzuk","7":"product_cat-urunler","8":"product_cat-yuzukler","9":"product_tag-ay-yildiz-yuzuk","11":"first","12":"instock","13":"sale","14":"taxable","15":"shipping-taxable","16":"purchasable","17":"product-type-simple"},"jetpack_sharing_enabled":true,"_links":{"self":[{"href":"https:\/\/payitahtyuzuk.com.tr\/index.php?rest_route=\/wp\/v2\/product\/1434","targetHints":{"allow":["GET"]}}],"collection":[{"href":"https:\/\/payitahtyuzuk.com.tr\/index.php?rest_route=\/wp\/v2\/product"}],"about":[{"href":"https:\/\/payitahtyuzuk.com.tr\/index.php?rest_route=\/wp\/v2\/types\/product"}],"replies":[{"embeddable":true,"href":"https:\/\/payitahtyuzuk.com.tr\/index.php?rest_route=%2Fwp%2Fv2%2Fcomments&post=1434"}],"wp:featuredmedia":[{"embeddable":true,"href":"https:\/\/payitahtyuzuk.com.tr\/index.php?rest_route=\/wp\/v2\/media\/1371"}],"wp:attachment":[{"href":"https:\/\/payitahtyuzuk.com.tr\/index.php?rest_route=%2Fwp%2Fv2%2Fmedia&parent=1434"}],"wp:term":[{"taxonomy":"product_brand","embeddable":true,"href":"https:\/\/payitahtyuzuk.com.tr\/index.php?rest_route=%2Fwp%2Fv2%2Fproduct_brand&post=1434"},{"taxonomy":"product_cat","embeddable":true,"href":"https:\/\/payitahtyuzuk.com.tr\/index.php?rest_route=%2Fwp%2Fv2%2Fproduct_cat&post=1434"},{"taxonomy":"product_tag","embeddable":true,"href":"https:\/\/payitahtyuzuk.com.tr\/index.php?rest_route=%2Fwp%2Fv2%2Fproduct_tag&post=1434"}],"curies":[{"name":"wp","href":"https:\/\/api.w.org\/{rel}","templated":true}]}}