{"id":1437,"date":"2025-11-22T23:00:44","date_gmt":"2025-11-22T23:00:44","guid":{"rendered":"https:\/\/payitahtyuzuk.com.tr\/?post_type=product&#038;p=1437"},"modified":"2025-11-22T23:00:44","modified_gmt":"2025-11-22T23:00:44","slug":"eski-kubbeli-yuzuk","status":"publish","type":"product","link":"https:\/\/payitahtyuzuk.com.tr\/?product=eski-kubbeli-yuzuk","title":{"rendered":"Eski Kubbeli Y\u00fcz\u00fck"},"content":{"rendered":"<p>Eski s\u0131kma kehribar kubbe ta\u015fl\u0131 \u00fcst d\u00fczey i\u015f\u00e7ilikli 925 ayar g\u00fcm\u00fc\u015f y\u00fcz\u00fck.<\/p>\n","protected":false},"excerpt":{"rendered":"<p>Eski kubbeli 925 ayar g\u00fcm\u00fc\u015f y\u00fcz\u00fck<\/p>\n","protected":false},"featured_media":1339,"comment_status":"open","ping_status":"closed","template":"","meta":[],"product_brand":[],"product_cat":[53,22,27],"product_tag":[86,51,85],"class_list":{"0":"post-1437","1":"product","2":"type-product","3":"status-publish","4":"has-post-thumbnail","6":"product_cat-hanedan","7":"product_cat-urunler","8":"product_cat-yuzukler","9":"product_tag-eski-yuzuk","10":"product_tag-hanedan-yuzuk","11":"product_tag-kubbeli-yuzuk","13":"first","14":"instock","15":"sale","16":"taxable","17":"shipping-taxable","18":"purchasable","19":"product-type-simple"},"jetpack_sharing_enabled":true,"_links":{"self":[{"href":"https:\/\/payitahtyuzuk.com.tr\/index.php?rest_route=\/wp\/v2\/product\/1437","targetHints":{"allow":["GET"]}}],"collection":[{"href":"https:\/\/payitahtyuzuk.com.tr\/index.php?rest_route=\/wp\/v2\/product"}],"about":[{"href":"https:\/\/payitahtyuzuk.com.tr\/index.php?rest_route=\/wp\/v2\/types\/product"}],"replies":[{"embeddable":true,"href":"https:\/\/payitahtyuzuk.com.tr\/index.php?rest_route=%2Fwp%2Fv2%2Fcomments&post=1437"}],"wp:featuredmedia":[{"embeddable":true,"href":"https:\/\/payitahtyuzuk.com.tr\/index.php?rest_route=\/wp\/v2\/media\/1339"}],"wp:attachment":[{"href":"https:\/\/payitahtyuzuk.com.tr\/index.php?rest_route=%2Fwp%2Fv2%2Fmedia&parent=1437"}],"wp:term":[{"taxonomy":"product_brand","embeddable":true,"href":"https:\/\/payitahtyuzuk.com.tr\/index.php?rest_route=%2Fwp%2Fv2%2Fproduct_brand&post=1437"},{"taxonomy":"product_cat","embeddable":true,"href":"https:\/\/payitahtyuzuk.com.tr\/index.php?rest_route=%2Fwp%2Fv2%2Fproduct_cat&post=1437"},{"taxonomy":"product_tag","embeddable":true,"href":"https:\/\/payitahtyuzuk.com.tr\/index.php?rest_route=%2Fwp%2Fv2%2Fproduct_tag&post=1437"}],"curies":[{"name":"wp","href":"https:\/\/api.w.org\/{rel}","templated":true}]}}