{"id":198,"date":"2019-04-18T11:08:43","date_gmt":"2019-04-18T11:08:43","guid":{"rendered":"https:\/\/envothemes.com\/envo-ecommerce\/product\/import-placeholder-for-49\/"},"modified":"2025-11-22T23:12:48","modified_gmt":"2025-11-22T23:12:48","slug":"polo-t-shirt","status":"publish","type":"product","link":"https:\/\/payitahtyuzuk.com.tr\/?product=polo-t-shirt","title":{"rendered":"Ayasofya Y\u00fcz\u00fck"},"content":{"rendered":"<h3 id=\"product-title\" class=\"fw-bold\">Ayasofya-i Kebir Camii Tasar\u0131ml\u0131 925 Ayar G\u00fcm\u00fc\u015f Erkek Y\u00fcz\u00fck<\/h3>\n<p><strong>G\u00fcm\u00fc\u015f\u00fcn Faydalar\u0131<\/strong><\/p>\n<div>G\u00fcm\u00fc\u015f tak\u0131lar, do\u011fal antibakteriyel \u00f6zellikleri sayesinde, temas etti\u011fi y\u00fczeylerde mikrobik y\u00fck\u00fc azaltmaya yard\u0131mc\u0131 olabilir. G\u00fcm\u00fc\u015f tak\u0131lar\u0131n, pozitif enerji yayd\u0131\u011f\u0131na ve ki\u015finin zihinsel yeteneklerini iyile\u015ftirdi\u011fine dair bir\u00e7ok g\u00f6r\u00fc\u015f mevcuttur. G\u00fcm\u00fc\u015f tak\u0131lar, iyi bir \u0131s\u0131 iletkeni oldu\u011fu i\u00e7in, s\u0131cak havalarda cilde temas eden b\u00f6lgeyi so\u011futarak k\u0131sa s\u00fcreli bir serinleme hissi verebilir. So\u011fuk havalarda ise \u0131s\u0131y\u0131 daha yava\u015f kaybetmesine yard\u0131mc\u0131 olarak v\u00fccudun \u0131s\u0131s\u0131n\u0131 dengelemeye katk\u0131da bulunabilir. G\u00fcm\u00fc\u015f tak\u0131lar, hem estetik bir g\u00f6r\u00fcn\u00fcm sunmakta hem de zihinsel ve ruhsal sa\u011fl\u0131\u011fa olumlu etkileri oldu\u011fu d\u00fc\u015f\u00fcn\u00fclmektedir.<\/div>\n","protected":false},"excerpt":{"rendered":"<h3 id=\"product-title\" class=\"fw-bold\">Ayasofya-i Kebir Camii Tasar\u0131ml\u0131 925 Ayar G\u00fcm\u00fc\u015f Erkek Y\u00fcz\u00fck<\/h3>\n<p>&nbsp;<\/p>\n","protected":false},"featured_media":1027,"comment_status":"open","ping_status":"closed","template":"","meta":[],"product_brand":[],"product_cat":[53,22,27],"product_tag":[40,41,42,39],"class_list":{"0":"post-198","1":"product","2":"type-product","3":"status-publish","4":"has-post-thumbnail","6":"product_cat-hanedan","7":"product_cat-urunler","8":"product_cat-yuzukler","9":"product_tag-ayasofya","10":"product_tag-gumus-yuzuk","11":"product_tag-silver","12":"product_tag-yuzuk","14":"first","15":"instock","16":"sale","17":"taxable","18":"shipping-taxable","19":"purchasable","20":"product-type-simple"},"jetpack_sharing_enabled":true,"_links":{"self":[{"href":"https:\/\/payitahtyuzuk.com.tr\/index.php?rest_route=\/wp\/v2\/product\/198","targetHints":{"allow":["GET"]}}],"collection":[{"href":"https:\/\/payitahtyuzuk.com.tr\/index.php?rest_route=\/wp\/v2\/product"}],"about":[{"href":"https:\/\/payitahtyuzuk.com.tr\/index.php?rest_route=\/wp\/v2\/types\/product"}],"replies":[{"embeddable":true,"href":"https:\/\/payitahtyuzuk.com.tr\/index.php?rest_route=%2Fwp%2Fv2%2Fcomments&post=198"}],"wp:featuredmedia":[{"embeddable":true,"href":"https:\/\/payitahtyuzuk.com.tr\/index.php?rest_route=\/wp\/v2\/media\/1027"}],"wp:attachment":[{"href":"https:\/\/payitahtyuzuk.com.tr\/index.php?rest_route=%2Fwp%2Fv2%2Fmedia&parent=198"}],"wp:term":[{"taxonomy":"product_brand","embeddable":true,"href":"https:\/\/payitahtyuzuk.com.tr\/index.php?rest_route=%2Fwp%2Fv2%2Fproduct_brand&post=198"},{"taxonomy":"product_cat","embeddable":true,"href":"https:\/\/payitahtyuzuk.com.tr\/index.php?rest_route=%2Fwp%2Fv2%2Fproduct_cat&post=198"},{"taxonomy":"product_tag","embeddable":true,"href":"https:\/\/payitahtyuzuk.com.tr\/index.php?rest_route=%2Fwp%2Fv2%2Fproduct_tag&post=198"}],"curies":[{"name":"wp","href":"https:\/\/api.w.org\/{rel}","templated":true}]}}