{"id":20,"date":"2019-04-18T11:08:43","date_gmt":"2019-04-18T11:08:43","guid":{"rendered":"https:\/\/envothemes.com\/envo-ecommerce\/product\/import-placeholder-for-51\/"},"modified":"2025-11-19T20:06:50","modified_gmt":"2025-11-19T20:06:50","slug":"single-shirt","status":"publish","type":"product","link":"https:\/\/payitahtyuzuk.com.tr\/?product=single-shirt","title":{"rendered":"Vi\u015fne S\u0131kma Kehribar"},"content":{"rendered":"<p>925 ayar g\u00fcm\u00fc\u015f p\u00fcsk\u00fclle kombin, imame ve ayra\u00e7lar\u0131 tra\u015fl\u0131, usta i\u015f\u00e7ilikli kaps\u00fcl kesim, k\u0131rm\u0131z\u0131 s\u0131kma kehribar tespih.<\/p>\n","protected":false},"excerpt":{"rendered":"<p>925 ayar g\u00fcm\u00fc\u015f p\u00fcsk\u00fclle kombin, imame ve ayra\u00e7lar\u0131 tra\u015fl\u0131, Halit Uzunkaya usta i\u015f\u00e7ilikli kaps\u00fcl kesim, k\u0131rm\u0131z\u0131 s\u0131kma kehribar tespih.<\/p>\n","protected":false},"featured_media":1042,"comment_status":"open","ping_status":"closed","template":"","meta":[],"product_brand":[],"product_cat":[36,22,23],"product_tag":[44],"class_list":{"0":"post-20","1":"product","2":"type-product","3":"status-publish","4":"has-post-thumbnail","6":"product_cat-kehribartespih","7":"product_cat-urunler","8":"product_cat-tespih","9":"product_tag-sikma-kehribar","11":"first","12":"instock","13":"sale","14":"featured","15":"downloadable","16":"virtual","17":"taxable","18":"purchasable","19":"product-type-simple"},"jetpack_sharing_enabled":true,"_links":{"self":[{"href":"https:\/\/payitahtyuzuk.com.tr\/index.php?rest_route=\/wp\/v2\/product\/20","targetHints":{"allow":["GET"]}}],"collection":[{"href":"https:\/\/payitahtyuzuk.com.tr\/index.php?rest_route=\/wp\/v2\/product"}],"about":[{"href":"https:\/\/payitahtyuzuk.com.tr\/index.php?rest_route=\/wp\/v2\/types\/product"}],"replies":[{"embeddable":true,"href":"https:\/\/payitahtyuzuk.com.tr\/index.php?rest_route=%2Fwp%2Fv2%2Fcomments&post=20"}],"wp:featuredmedia":[{"embeddable":true,"href":"https:\/\/payitahtyuzuk.com.tr\/index.php?rest_route=\/wp\/v2\/media\/1042"}],"wp:attachment":[{"href":"https:\/\/payitahtyuzuk.com.tr\/index.php?rest_route=%2Fwp%2Fv2%2Fmedia&parent=20"}],"wp:term":[{"taxonomy":"product_brand","embeddable":true,"href":"https:\/\/payitahtyuzuk.com.tr\/index.php?rest_route=%2Fwp%2Fv2%2Fproduct_brand&post=20"},{"taxonomy":"product_cat","embeddable":true,"href":"https:\/\/payitahtyuzuk.com.tr\/index.php?rest_route=%2Fwp%2Fv2%2Fproduct_cat&post=20"},{"taxonomy":"product_tag","embeddable":true,"href":"https:\/\/payitahtyuzuk.com.tr\/index.php?rest_route=%2Fwp%2Fv2%2Fproduct_tag&post=20"}],"curies":[{"name":"wp","href":"https:\/\/api.w.org\/{rel}","templated":true}]}}